{"id":98,"date":"2019-07-09T14:29:28","date_gmt":"2019-07-09T13:29:28","guid":{"rendered":"https:\/\/lorenzocortes.com\/en\/?page_id=98"},"modified":"2020-07-13T14:09:14","modified_gmt":"2020-07-13T13:09:14","slug":"contact","status":"publish","type":"page","link":"https:\/\/lorenzocortes.com\/en\/contact\/","title":{"rendered":"Contact"},"content":{"rendered":"\t\t<div data-elementor-type=\"wp-post\" data-elementor-id=\"98\" class=\"elementor elementor-98\">\n\t\t\t\t\t\t<section class=\"elementor-section elementor-top-section elementor-element elementor-element-e2fff22 contact elementor-section-stretched elementor-section-boxed elementor-section-height-default elementor-section-height-default\" data-id=\"e2fff22\" data-element_type=\"section\" data-settings=\"{&quot;stretch_section&quot;:&quot;section-stretched&quot;}\">\n\t\t\t\t\t\t<div class=\"elementor-container elementor-column-gap-default\">\n\t\t\t\t\t<div class=\"elementor-column elementor-col-100 elementor-top-column elementor-element elementor-element-c5af1ef\" data-id=\"c5af1ef\" data-element_type=\"column\">\n\t\t\t<div class=\"elementor-widget-wrap elementor-element-populated\">\n\t\t\t\t\t\t<section class=\"elementor-section elementor-inner-section elementor-element elementor-element-8358ab0 elementor-section-boxed elementor-section-height-default elementor-section-height-default\" data-id=\"8358ab0\" data-element_type=\"section\">\n\t\t\t\t\t\t<div class=\"elementor-container elementor-column-gap-default\">\n\t\t\t\t\t<div class=\"elementor-column elementor-col-100 elementor-inner-column elementor-element elementor-element-061a04e\" data-id=\"061a04e\" data-element_type=\"column\">\n\t\t\t<div class=\"elementor-widget-wrap elementor-element-populated\">\n\t\t\t\t\t\t<div class=\"elementor-element elementor-element-1563215 elementor-widget elementor-widget-text-editor\" data-id=\"1563215\" data-element_type=\"widget\" data-widget_type=\"text-editor.default\">\n\t\t\t\t<div class=\"elementor-widget-container\">\n\t\t\t\t\t\t\t\t\t<h1>Contact <\/h1>\t\t\t\t\t\t\t\t<\/div>\n\t\t\t\t<\/div>\n\t\t\t\t\t<\/div>\n\t\t<\/div>\n\t\t\t\t\t<\/div>\n\t\t<\/section>\n\t\t\t\t<section class=\"elementor-section elementor-inner-section elementor-element elementor-element-4a0db50 elementor-section-boxed elementor-section-height-default elementor-section-height-default\" data-id=\"4a0db50\" data-element_type=\"section\">\n\t\t\t\t\t\t<div class=\"elementor-container elementor-column-gap-default\">\n\t\t\t\t\t<div class=\"elementor-column elementor-col-33 elementor-inner-column elementor-element elementor-element-9561353\" data-id=\"9561353\" data-element_type=\"column\">\n\t\t\t<div class=\"elementor-widget-wrap elementor-element-populated\">\n\t\t\t\t\t\t<div class=\"elementor-element elementor-element-c1b5ee4 elementor-position-left elementor-view-default elementor-mobile-position-top elementor-vertical-align-top elementor-widget elementor-widget-icon-box\" data-id=\"c1b5ee4\" data-element_type=\"widget\" data-widget_type=\"icon-box.default\">\n\t\t\t\t<div class=\"elementor-widget-container\">\n\t\t\t\t\t\t\t<div class=\"elementor-icon-box-wrapper\">\n\n\t\t\t\t\t\t<div class=\"elementor-icon-box-icon\">\n\t\t\t\t<span  class=\"elementor-icon\">\n\t\t\t\t<i aria-hidden=\"true\" class=\"fas fa-map-marker-alt\"><\/i>\t\t\t\t<\/span>\n\t\t\t<\/div>\n\t\t\t\n\t\t\t\t\t\t<div class=\"elementor-icon-box-content\">\n\n\t\t\t\t\t\t\t\t\t<h6 class=\"elementor-icon-box-title\">\n\t\t\t\t\t\t<span  >\n\t\t\t\t\t\t\tAddress\t\t\t\t\t\t<\/span>\n\t\t\t\t\t<\/h6>\n\t\t\t\t\n\t\t\t\t\t\t\t\t\t<p class=\"elementor-icon-box-description\">\n\t\t\t\t\t\tPaseo del Muro, 5 50600 <br>\nEjea de los Caballeros (Zaragoza) \u2013 SPAIN\t\t\t\t\t<\/p>\n\t\t\t\t\n\t\t\t<\/div>\n\t\t\t\n\t\t<\/div>\n\t\t\t\t\t\t<\/div>\n\t\t\t\t<\/div>\n\t\t\t\t\t<\/div>\n\t\t<\/div>\n\t\t\t\t<div class=\"elementor-column elementor-col-33 elementor-inner-column elementor-element elementor-element-c706755\" data-id=\"c706755\" data-element_type=\"column\">\n\t\t\t<div class=\"elementor-widget-wrap elementor-element-populated\">\n\t\t\t\t\t\t<div class=\"elementor-element elementor-element-b1b5e90 elementor-position-left elementor-view-default elementor-mobile-position-top elementor-vertical-align-top elementor-widget elementor-widget-icon-box\" data-id=\"b1b5e90\" data-element_type=\"widget\" data-widget_type=\"icon-box.default\">\n\t\t\t\t<div class=\"elementor-widget-container\">\n\t\t\t\t\t\t\t<div class=\"elementor-icon-box-wrapper\">\n\n\t\t\t\t\t\t<div class=\"elementor-icon-box-icon\">\n\t\t\t\t<span  class=\"elementor-icon\">\n\t\t\t\t<i aria-hidden=\"true\" class=\"fas fa-phone-alt\"><\/i>\t\t\t\t<\/span>\n\t\t\t<\/div>\n\t\t\t\n\t\t\t\t\t\t<div class=\"elementor-icon-box-content\">\n\n\t\t\t\t\t\t\t\t\t<h6 class=\"elementor-icon-box-title\">\n\t\t\t\t\t\t<span  >\n\t\t\t\t\t\t\tPhone\t\t\t\t\t\t<\/span>\n\t\t\t\t\t<\/h6>\n\t\t\t\t\n\t\t\t\t\t\t\t\t\t<p class=\"elementor-icon-box-description\">\n\t\t\t\t\t\t<a href=\"tel:+34639363456\">(+34) 639 363 456<\/a>\t\t\t\t\t<\/p>\n\t\t\t\t\n\t\t\t<\/div>\n\t\t\t\n\t\t<\/div>\n\t\t\t\t\t\t<\/div>\n\t\t\t\t<\/div>\n\t\t\t\t\t<\/div>\n\t\t<\/div>\n\t\t\t\t<div class=\"elementor-column elementor-col-33 elementor-inner-column elementor-element elementor-element-ccd4977\" data-id=\"ccd4977\" data-element_type=\"column\">\n\t\t\t<div class=\"elementor-widget-wrap elementor-element-populated\">\n\t\t\t\t\t\t<div class=\"elementor-element elementor-element-0a774e8 elementor-position-left elementor-view-default elementor-mobile-position-top elementor-vertical-align-top elementor-widget elementor-widget-icon-box\" data-id=\"0a774e8\" data-element_type=\"widget\" data-widget_type=\"icon-box.default\">\n\t\t\t\t<div class=\"elementor-widget-container\">\n\t\t\t\t\t\t\t<div class=\"elementor-icon-box-wrapper\">\n\n\t\t\t\t\t\t<div class=\"elementor-icon-box-icon\">\n\t\t\t\t<span  class=\"elementor-icon\">\n\t\t\t\t<i aria-hidden=\"true\" class=\"far fa-envelope\"><\/i>\t\t\t\t<\/span>\n\t\t\t<\/div>\n\t\t\t\n\t\t\t\t\t\t<div class=\"elementor-icon-box-content\">\n\n\t\t\t\t\t\t\t\t\t<h6 class=\"elementor-icon-box-title\">\n\t\t\t\t\t\t<span  >\n\t\t\t\t\t\t\tEmail\t\t\t\t\t\t<\/span>\n\t\t\t\t\t<\/h6>\n\t\t\t\t\n\t\t\t\t\t\t\t\t\t<p class=\"elementor-icon-box-description\">\n\t\t\t\t\t\t<a href=\"mailto:info@lorenzocortes.com\/en\">info@lorenzocortes.com\/en<\/a>\t\t\t\t\t<\/p>\n\t\t\t\t\n\t\t\t<\/div>\n\t\t\t\n\t\t<\/div>\n\t\t\t\t\t\t<\/div>\n\t\t\t\t<\/div>\n\t\t\t\t\t<\/div>\n\t\t<\/div>\n\t\t\t\t\t<\/div>\n\t\t<\/section>\n\t\t\t\t<section class=\"elementor-section elementor-inner-section elementor-element elementor-element-bc883ac elementor-section-boxed elementor-section-height-default elementor-section-height-default\" data-id=\"bc883ac\" data-element_type=\"section\">\n\t\t\t\t\t\t<div class=\"elementor-container elementor-column-gap-default\">\n\t\t\t\t\t<div class=\"elementor-column elementor-col-66 elementor-inner-column elementor-element elementor-element-4fc5c05\" data-id=\"4fc5c05\" data-element_type=\"column\">\n\t\t\t<div class=\"elementor-widget-wrap elementor-element-populated\">\n\t\t\t\t\t\t<div class=\"elementor-element elementor-element-775d892 elementor-widget elementor-widget-google_maps\" data-id=\"775d892\" data-element_type=\"widget\" data-widget_type=\"google_maps.default\">\n\t\t\t\t<div class=\"elementor-widget-container\">\n\t\t\t\t\t\t\t<div class=\"elementor-custom-embed\">\n\t\t\t<iframe loading=\"lazy\"\n\t\t\t\t\tsrc=\"https:\/\/maps.google.com\/maps?q=Lorenzo%20Cort%C3%A9s&#038;t=m&#038;z=6&#038;output=embed&#038;iwloc=near\"\n\t\t\t\t\ttitle=\"Lorenzo Cort\u00e9s\"\n\t\t\t\t\taria-label=\"Lorenzo Cort\u00e9s\"\n\t\t\t><\/iframe>\n\t\t<\/div>\n\t\t\t\t\t\t<\/div>\n\t\t\t\t<\/div>\n\t\t\t\t\t<\/div>\n\t\t<\/div>\n\t\t\t\t<div class=\"elementor-column elementor-col-33 elementor-inner-column elementor-element elementor-element-ee58abd\" data-id=\"ee58abd\" data-element_type=\"column\">\n\t\t\t<div class=\"elementor-widget-wrap elementor-element-populated\">\n\t\t\t\t\t\t<div class=\"elementor-element elementor-element-1e68b6a eael-contact-form-7-button-align-left eael-contact-form-7-button-custom elementor-widget elementor-widget-eael-contact-form-7\" data-id=\"1e68b6a\" data-element_type=\"widget\" data-widget_type=\"eael-contact-form-7.default\">\n\t\t\t\t<div class=\"elementor-widget-container\">\n\t\t\t\t\t<div class=\"eael-contact-form-7-wrapper\">\n                <div class=\"eael-contact-form eael-contact-form-7 eael-contact-form-1e68b6a placeholder-show eael-contact-form-align-default\">\n<div class=\"wpcf7 no-js\" id=\"wpcf7-f36-o1\" lang=\"es-ES\" dir=\"ltr\">\n<div class=\"screen-reader-response\"><p role=\"status\" aria-live=\"polite\" aria-atomic=\"true\"><\/p> <ul><\/ul><\/div>\n<form action=\"\/en\/wp-json\/wp\/v2\/pages\/98#wpcf7-f36-o1\" method=\"post\" class=\"wpcf7-form init\" aria-label=\"Formulario de contacto\" novalidate=\"novalidate\" data-status=\"init\">\n<div style=\"display: none;\">\n<input type=\"hidden\" name=\"_wpcf7\" value=\"36\" \/>\n<input type=\"hidden\" name=\"_wpcf7_version\" value=\"5.8.5\" \/>\n<input type=\"hidden\" name=\"_wpcf7_locale\" value=\"es_ES\" \/>\n<input type=\"hidden\" name=\"_wpcf7_unit_tag\" value=\"wpcf7-f36-o1\" \/>\n<input type=\"hidden\" name=\"_wpcf7_container_post\" value=\"0\" \/>\n<input type=\"hidden\" name=\"_wpcf7_posted_data_hash\" value=\"\" \/>\n<input type=\"hidden\" name=\"_wpcf7_recaptcha_response\" value=\"\" \/>\n<\/div>\n<div class=\"mainform\">\n\t<div class=\"vc_row wpb_row vc_row-fluid form-body\">\n\t\t<div class=\"wpb_column vc_column_container\">\n\t\t\t<div class=\"vc_column-inner\">\n\t\t\t\t<div class=\"box form-nombre\">\n\t\t\t\t\t<p><label><span class=\"form-label\">Name <small class=\"red\">*<\/small>:<\/span><\/label><span class=\"wpcf7-form-control-wrap\" data-name=\"your-name\"><input size=\"40\" class=\"wpcf7-form-control wpcf7-text wpcf7-validates-as-required\" aria-required=\"true\" aria-invalid=\"false\" placeholder=\"Name\" value=\"\" type=\"text\" name=\"your-name\" \/><\/span>\n\t\t\t\t\t<\/p>\n\t\t\t\t<\/div>\n\t\t\t\t<div class=\"box form-email\">\n\t\t\t\t\t<p><label><span class=\"form-label\">Email <small class=\"red\">*<\/small>:<\/span><\/label><span class=\"wpcf7-form-control-wrap\" data-name=\"your-email\"><input size=\"40\" class=\"wpcf7-form-control wpcf7-email wpcf7-validates-as-required wpcf7-text wpcf7-validates-as-email\" aria-required=\"true\" aria-invalid=\"false\" placeholder=\"Email\" value=\"\" type=\"email\" name=\"your-email\" \/><\/span>\n\t\t\t\t\t<\/p>\n\t\t\t\t<\/div>\n\t\t\t\t<div class=\"box form-email\">\n\t\t\t\t\t<p><label><span class=\"form-label\">Phone: <\/span><\/label><span class=\"wpcf7-form-control-wrap\" data-name=\"tel-310\"><input size=\"40\" class=\"wpcf7-form-control wpcf7-tel wpcf7-text wpcf7-validates-as-tel\" aria-invalid=\"false\" placeholder=\"Phone\" value=\"\" type=\"tel\" name=\"tel-310\" \/><\/span>\n\t\t\t\t\t<\/p>\n\t\t\t\t<\/div>\n\t\t\t\t<div class=\"box form-mensaje\">\n\t\t\t\t\t<p><label><span class=\"form-label\">Message <small class=\"red\">*<\/small>:<\/span><\/label><span class=\"wpcf7-form-control-wrap\" data-name=\"message\"><textarea cols=\"40\" rows=\"10\" maxlength=\"1000\" minlength=\"1\" class=\"wpcf7-form-control wpcf7-textarea wpcf7-validates-as-required\" aria-required=\"true\" aria-invalid=\"false\" placeholder=\"Message\" name=\"message\"><\/textarea><\/span>\n\t\t\t\t\t<\/p>\n\t\t\t\t<\/div>\n\t\t\t\t<p><span id=\"wpcf7-69dec3deaea10-wrapper\" class=\"wpcf7-form-control-wrap evitarsp-wrap\" style=\"display:none !important; visibility:hidden !important;\"><label for=\"evitarsp\" class=\"hp-message\">Por favor, deja este campo vac\u00edo.<\/label><input id=\"evitarsp\"  class=\"wpcf7-form-control wpcf7-text\" type=\"text\" name=\"evitarsp\" value=\"\" size=\"40\" tabindex=\"-1\" autocomplete=\"new-password\" \/><\/span>\n\t\t\t\t<\/p>\n\t\t\t<\/div>\n\t\t<\/div>\n\t<\/div>\n\t<div class=\"vc_row wpb_row vc_row-fluid form-footer\">\n\t\t<div class=\"wpb_column vc_column_container\">\n\t\t\t<div class=\"vc_column-inner\">\n\t\t\t\t<div class=\"legal\">\n\t\t\t\t\t<p><small><b>Responsible:<\/b> LORENZO CORT\u00c9S<\/small><small><b>Purpose:<\/b> Manage queries and comments. Also send you information of our products and the sector, in case that you've accepted it expressly. <\/small><small><b>Legitimation:<\/b> Consent of the interested party or his legal representative. <\/small><small><b>Recipients:<\/b> LORENZO CORT\u00c9S does not yield data to third parties. Only if you have consented to the sending of information. <\/small><small><b>Rights:<\/b>Access, rectify and delete data, such as explained in our <a href=\"\/en\/legal-notice-and-privacy-policy\/\" target=\"_blank\">Privacy Policy<\/a>.<\/small>\n\t\t\t\t\t<\/p>\n\t\t\t\t<\/div>\n\t\t\t\t<div class=\"form-check\">\n\t\t\t\t\t<p><span class=\"wpcf7-form-control-wrap\" data-name=\"acceptance-23\"><span class=\"wpcf7-form-control wpcf7-acceptance\"><span class=\"wpcf7-list-item\"><input type=\"checkbox\" name=\"acceptance-23\" value=\"1\" aria-invalid=\"false\" \/><\/span><\/span><\/span><span class=\"wpcf7-list-item-label\"> I accept the <a href=\"\/en\/legal-notice-and-privacy-policy\/\" target=\"_blank\">Privacy Policy<\/a> y consiento el uso de mis datos para el tratamiento y gesti\u00f3n de la consulta realizada.<\/span><small class=\"red\">*<\/small>\n\t\t\t\t\t<\/p>\n\t\t\t\t\t<p><span class=\"wpcf7-form-control-wrap\" data-name=\"checkbox-459\"><span class=\"wpcf7-form-control wpcf7-checkbox\"><span class=\"wpcf7-list-item first last\"><input type=\"checkbox\" name=\"checkbox-459[]\" value=\"I consent to the subsequent use of my data to send commercial information and news.\" \/><span class=\"wpcf7-list-item-label\">I consent to the subsequent use of my data to send commercial information and news.<\/span><\/span><\/span><\/span>\n\t\t\t\t\t<\/p>\n\t\t\t\t\t<div class=\"send\">\n\t\t\t\t\t\t<p><input class=\"wpcf7-form-control wpcf7-submit has-spinner\" id=\"contactar\" type=\"submit\" value=\"Send\" \/>\n\t\t\t\t\t\t<\/p>\n\t\t\t\t\t<\/div>\n\t\t\t\t<\/div>\n\t\t\t<\/div>\n\t\t<\/div>\n\t<\/div>\n<\/div><div class=\"wpcf7-response-output\" aria-hidden=\"true\"><\/div>\n<\/form>\n<\/div>\n<\/div>\n            <\/div>\t\t\t\t<\/div>\n\t\t\t\t<\/div>\n\t\t\t\t\t<\/div>\n\t\t<\/div>\n\t\t\t\t\t<\/div>\n\t\t<\/section>\n\t\t\t\t\t<\/div>\n\t\t<\/div>\n\t\t\t\t\t<\/div>\n\t\t<\/section>\n\t\t\t\t<\/div>\n\t\t","protected":false},"excerpt":{"rendered":"<p>Contact Address Paseo del Muro, 5 50600 Ejea de los Caballeros (Zaragoza) \u2013 SPAIN Phone (+34) 639 363 456 Email info@lorenzocortes.com\/en Nombre *: Email *: Tel\u00e9fono: Mensaje *:Please leave this field empty. Responsable: LORENZO CORT\u00c9S Finalidad: Gesti\u00f3n de tu consulta y env\u00edo de informaci\u00f3n comercial y novedades. Legitimaci\u00f3n: Consentimiento del interesado o su representante legal. [&hellip;]<\/p>\n","protected":false},"author":4,"featured_media":0,"parent":0,"menu_order":0,"comment_status":"closed","ping_status":"closed","template":"","meta":{"_acf_changed":false,"_genesis_hide_title":false,"_genesis_hide_breadcrumbs":false,"_genesis_hide_singular_image":false,"_genesis_hide_footer_widgets":false,"_genesis_custom_body_class":"","_genesis_custom_post_class":"","_genesis_layout":"","footnotes":""},"yst_prominent_words":[127,130,547,553,510,504,503,544,505,546,125,108,502,550,511,109,545,129],"class_list":{"0":"post-98","1":"page","2":"type-page","3":"status-publish","5":"entry","6":"one-half"},"acf":[],"yoast_head":"<!-- This site is optimized with the Yoast SEO Premium plugin v14.2 - https:\/\/yoast.com\/wordpress\/plugins\/seo\/ -->\n<title>Contact | Music composer for TV, Radio and Film | Lorenzo Cort\u00e9s EN<\/title>\n<meta name=\"description\" content=\"If you are looking for a music composer for your visual media project please get in touch here. Music Composer for TV, Radio and Film\" \/>\n<meta name=\"robots\" content=\"index, follow\" \/>\n<meta name=\"googlebot\" content=\"index, follow, max-snippet:-1, max-image-preview:large, max-video-preview:-1\" \/>\n<meta name=\"bingbot\" content=\"index, follow, max-snippet:-1, max-image-preview:large, max-video-preview:-1\" \/>\n<link rel=\"canonical\" href=\"https:\/\/lorenzocortes.com\/en\/contact\/\" \/>\n<meta property=\"og:locale\" content=\"en_GB\" \/>\n<meta property=\"og:type\" content=\"article\" \/>\n<meta property=\"og:title\" content=\"Contact | Music composer for TV, Radio and Film | Lorenzo Cort\u00e9s EN\" \/>\n<meta property=\"og:description\" content=\"If you are looking for a music composer for your visual media project please get in touch here. Music Composer for TV, Radio and Film\" \/>\n<meta property=\"og:url\" content=\"https:\/\/lorenzocortes.com\/en\/contact\/\" \/>\n<meta property=\"og:site_name\" content=\"Lorenzo Cort\u00e9s EN\" \/>\n<meta property=\"article:modified_time\" content=\"2020-07-13T13:09:14+00:00\" \/>\n<meta name=\"twitter:card\" content=\"summary_large_image\" \/>\n<script type=\"application\/ld+json\" class=\"yoast-schema-graph\">{\"@context\":\"https:\/\/schema.org\",\"@graph\":[{\"@type\":[\"Person\",\"Organization\"],\"@id\":\"https:\/\/lorenzocortes.com\/en\/#\/schema\/person\/f68a79e7bdb47580bf25b5d96c214759\",\"name\":\"administrador_cliente\",\"image\":{\"@type\":\"ImageObject\",\"@id\":\"https:\/\/lorenzocortes.com\/en\/#personlogo\",\"inLanguage\":\"en-GB\",\"url\":\"https:\/\/st1.lorenzocortes.com\/media\/sites\/2\/2020\/02\/logo-email.png\",\"width\":290,\"height\":40,\"caption\":\"administrador_cliente\"},\"logo\":{\"@id\":\"https:\/\/lorenzocortes.com\/en\/#personlogo\"}},{\"@type\":\"WebSite\",\"@id\":\"https:\/\/lorenzocortes.com\/en\/#website\",\"url\":\"https:\/\/lorenzocortes.com\/en\/\",\"name\":\"Lorenzo Cort\\u00e9s EN\",\"description\":\"Behind a successful project there is a tailor made soundtrack\",\"publisher\":{\"@id\":\"https:\/\/lorenzocortes.com\/en\/#\/schema\/person\/f68a79e7bdb47580bf25b5d96c214759\"},\"potentialAction\":[{\"@type\":\"SearchAction\",\"target\":\"https:\/\/lorenzocortes.com\/en\/?s={search_term_string}\",\"query-input\":\"required name=search_term_string\"}],\"inLanguage\":\"en-GB\"},{\"@type\":\"WebPage\",\"@id\":\"https:\/\/lorenzocortes.com\/en\/contact\/#webpage\",\"url\":\"https:\/\/lorenzocortes.com\/en\/contact\/\",\"name\":\"Contact | Music composer for TV, Radio and Film | Lorenzo Cort\\u00e9s EN\",\"isPartOf\":{\"@id\":\"https:\/\/lorenzocortes.com\/en\/#website\"},\"datePublished\":\"2019-07-09T13:29:28+00:00\",\"dateModified\":\"2020-07-13T13:09:14+00:00\",\"description\":\"If you are looking for a music composer for your visual media project please get in touch here. Music Composer for TV, Radio and Film\",\"inLanguage\":\"en-GB\",\"potentialAction\":[{\"@type\":\"ReadAction\",\"target\":[\"https:\/\/lorenzocortes.com\/en\/contact\/\"]}]}]}<\/script>\n<!-- \/ Yoast SEO Premium plugin. -->","_links":{"self":[{"href":"https:\/\/lorenzocortes.com\/en\/wp-json\/wp\/v2\/pages\/98","targetHints":{"allow":["GET"]}}],"collection":[{"href":"https:\/\/lorenzocortes.com\/en\/wp-json\/wp\/v2\/pages"}],"about":[{"href":"https:\/\/lorenzocortes.com\/en\/wp-json\/wp\/v2\/types\/page"}],"author":[{"embeddable":true,"href":"https:\/\/lorenzocortes.com\/en\/wp-json\/wp\/v2\/users\/4"}],"replies":[{"embeddable":true,"href":"https:\/\/lorenzocortes.com\/en\/wp-json\/wp\/v2\/comments?post=98"}],"version-history":[{"count":39,"href":"https:\/\/lorenzocortes.com\/en\/wp-json\/wp\/v2\/pages\/98\/revisions"}],"predecessor-version":[{"id":11994,"href":"https:\/\/lorenzocortes.com\/en\/wp-json\/wp\/v2\/pages\/98\/revisions\/11994"}],"wp:attachment":[{"href":"https:\/\/lorenzocortes.com\/en\/wp-json\/wp\/v2\/media?parent=98"}],"wp:term":[{"taxonomy":"yst_prominent_words","embeddable":true,"href":"https:\/\/lorenzocortes.com\/en\/wp-json\/wp\/v2\/yst_prominent_words?post=98"}],"curies":[{"name":"wp","href":"https:\/\/api.w.org\/{rel}","templated":true}]}}